{"id":487,"date":"2024-10-16T10:55:39","date_gmt":"2024-10-16T08:55:39","guid":{"rendered":"https:\/\/www.pauchamama.org\/?page_id=487"},"modified":"2025-04-25T11:05:33","modified_gmt":"2025-04-25T09:05:33","slug":"creacio-espais-verds","status":"publish","type":"page","link":"https:\/\/www.pauchamama.org\/es\/creacio-espais-verds\/","title":{"rendered":"Creaci\u00f3 d&#8217;espais"},"content":{"rendered":"<div data-elementor-type=\"wp-page\" data-elementor-id=\"487\" class=\"elementor elementor-487\" data-elementor-post-type=\"page\">\n\t\t\t\t<div class=\"elementor-element elementor-element-b25b0c3 e-con-full animated-slow e-flex elementor-invisible e-con e-parent\" data-id=\"b25b0c3\" data-element_type=\"container\" data-settings=\"{&quot;background_background&quot;:&quot;slideshow&quot;,&quot;background_slideshow_gallery&quot;:[{&quot;id&quot;:864,&quot;url&quot;:&quot;http:\\\/\\\/www.pauchamama.org\\\/wp-content\\\/uploads\\\/2024\\\/10\\\/4-1.jpg&quot;},{&quot;id&quot;:862,&quot;url&quot;:&quot;http:\\\/\\\/www.pauchamama.org\\\/wp-content\\\/uploads\\\/2024\\\/10\\\/2-1.jpg&quot;}],&quot;background_slideshow_ken_burns&quot;:&quot;yes&quot;,&quot;animation&quot;:&quot;fadeIn&quot;,&quot;background_slideshow_loop&quot;:&quot;yes&quot;,&quot;background_slideshow_slide_duration&quot;:5000,&quot;background_slideshow_slide_transition&quot;:&quot;fade&quot;,&quot;background_slideshow_transition_duration&quot;:500,&quot;background_slideshow_ken_burns_zoom_direction&quot;:&quot;in&quot;}\">\n\t\t\t\t<div class=\"elementor-element elementor-element-632a567 elementor-invisible elementor-widget elementor-widget-heading\" data-id=\"632a567\" data-element_type=\"widget\" data-settings=\"{&quot;_animation&quot;:&quot;zoomIn&quot;}\" data-widget_type=\"heading.default\">\n\t\t\t\t<div class=\"elementor-widget-container\">\n\t\t\t\t\t<h1 class=\"elementor-heading-title elementor-size-default\">CREACI\u00d3N DE ESPACIOS<\/h1>\t\t\t\t<\/div>\n\t\t\t\t<\/div>\n\t\t\t\t<\/div>\n\t\t<div class=\"elementor-element elementor-element-3f29913 animated-slow e-con-full e-flex e-con e-parent\" data-id=\"3f29913\" data-element_type=\"container\" data-settings=\"{&quot;background_motion_fx_motion_fx_scrolling&quot;:&quot;yes&quot;,&quot;background_motion_fx_translateY_effect&quot;:&quot;yes&quot;,&quot;animation&quot;:&quot;none&quot;,&quot;background_background&quot;:&quot;classic&quot;,&quot;background_motion_fx_translateY_speed&quot;:{&quot;unit&quot;:&quot;px&quot;,&quot;size&quot;:4,&quot;sizes&quot;:[]},&quot;background_motion_fx_translateY_affectedRange&quot;:{&quot;unit&quot;:&quot;%&quot;,&quot;size&quot;:&quot;&quot;,&quot;sizes&quot;:{&quot;start&quot;:0,&quot;end&quot;:100}},&quot;background_motion_fx_devices&quot;:[&quot;widescreen&quot;,&quot;desktop&quot;,&quot;tablet&quot;,&quot;mobile&quot;]}\">\n\t\t<div class=\"elementor-element elementor-element-976cf81 e-con-full e-flex elementor-invisible e-con e-child\" data-id=\"976cf81\" data-element_type=\"container\" data-settings=\"{&quot;animation&quot;:&quot;fadeInLeft&quot;,&quot;animation_mobile&quot;:&quot;fadeIn&quot;,&quot;animation_delay&quot;:600,&quot;background_background&quot;:&quot;classic&quot;,&quot;animation_tablet&quot;:&quot;zoomIn&quot;}\">\n\t\t\t\t<\/div>\n\t\t<div class=\"elementor-element elementor-element-f3fbf6b e-con-full e-flex elementor-invisible e-con e-child\" data-id=\"f3fbf6b\" data-element_type=\"container\" data-settings=\"{&quot;animation&quot;:&quot;fadeInRight&quot;,&quot;animation_tablet&quot;:&quot;fadeIn&quot;}\">\n\t\t\t\t<div class=\"elementor-element elementor-element-8993bbd elementor-widget__width-inherit elementor-widget-tablet__width-initial elementor-invisible elementor-widget elementor-widget-heading\" data-id=\"8993bbd\" data-element_type=\"widget\" data-settings=\"{&quot;_animation&quot;:&quot;fadeInUp&quot;}\" data-widget_type=\"heading.default\">\n\t\t\t\t<div class=\"elementor-widget-container\">\n\t\t\t\t\t<h2 class=\"elementor-heading-title elementor-size-default\">\u00bfQu\u00e9 es la creaci\u00f3n de espacios?<\/h2>\t\t\t\t<\/div>\n\t\t\t\t<\/div>\n\t\t\t\t<div class=\"elementor-element elementor-element-d328155 elementor-invisible elementor-widget elementor-widget-text-editor\" data-id=\"d328155\" data-element_type=\"widget\" data-settings=\"{&quot;_animation&quot;:&quot;fadeIn&quot;,&quot;_animation_mobile&quot;:&quot;fadeIn&quot;,&quot;_animation_delay&quot;:600}\" data-widget_type=\"text-editor.default\">\n\t\t\t\t<div class=\"elementor-widget-container\">\n\t\t\t\t\t\t\t\t\t<p>La creaci\u00f3n de espacios es una herramienta pedag\u00f3gica que conlleva la transformaci\u00f3n de un espacio existente en otro que sea m\u00e1s saludable, vivencial, participativo y con una explicaci\u00f3n pedag\u00f3gica y de biodiversidad que enriquezca el presente y tambi\u00e9n mirando hacia el futuro. Esto se traduce en crear un espacio donde la propuesta no es 100% nuestra, sino que se hace una co-creaci\u00f3n con vosotros, ya se\u00e1is familias, asociaciones, empresas, escuelas o ayuntamientos. Combinando nuestro conocimiento y vuestra visi\u00f3n y necesidad, crearemos una zona que enriquezca la vida exterior y que tenga un sentido ambiental, de comunidad y pedag\u00f3gico, y lo haremos al mismo tiempo que combinamos aprendizajes con cohesi\u00f3n de grupo y conciencia ambiental y de huella ambiental para nuestro futuro.<\/p>\t\t\t\t\t\t\t\t<\/div>\n\t\t\t\t<\/div>\n\t\t\t\t<\/div>\n\t\t\t\t<\/div>\n\t\t<div class=\"elementor-element elementor-element-3a3c4d7 animated-slow e-con-full e-flex e-con e-parent\" data-id=\"3a3c4d7\" data-element_type=\"container\" data-settings=\"{&quot;background_motion_fx_motion_fx_scrolling&quot;:&quot;yes&quot;,&quot;background_motion_fx_translateY_effect&quot;:&quot;yes&quot;,&quot;animation&quot;:&quot;none&quot;,&quot;background_background&quot;:&quot;classic&quot;,&quot;background_motion_fx_translateY_speed&quot;:{&quot;unit&quot;:&quot;px&quot;,&quot;size&quot;:4,&quot;sizes&quot;:[]},&quot;background_motion_fx_translateY_affectedRange&quot;:{&quot;unit&quot;:&quot;%&quot;,&quot;size&quot;:&quot;&quot;,&quot;sizes&quot;:{&quot;start&quot;:0,&quot;end&quot;:100}},&quot;background_motion_fx_devices&quot;:[&quot;widescreen&quot;,&quot;desktop&quot;,&quot;tablet&quot;,&quot;mobile&quot;]}\">\n\t\t<div class=\"elementor-element elementor-element-ff329ed e-con-full e-flex elementor-invisible e-con e-child\" data-id=\"ff329ed\" data-element_type=\"container\" data-settings=\"{&quot;animation&quot;:&quot;fadeInLeft&quot;,&quot;animation_tablet&quot;:&quot;fadeInUp&quot;}\">\n\t\t\t\t<div class=\"elementor-element elementor-element-9daf7ab elementor-widget__width-inherit elementor-widget-tablet__width-initial elementor-invisible elementor-widget elementor-widget-heading\" data-id=\"9daf7ab\" data-element_type=\"widget\" data-settings=\"{&quot;_animation&quot;:&quot;fadeInUp&quot;}\" data-widget_type=\"heading.default\">\n\t\t\t\t<div class=\"elementor-widget-container\">\n\t\t\t\t\t<h2 class=\"elementor-heading-title elementor-size-default\">\u00bfQu\u00e9 implica la creaci\u00f3n de espacios?<\/h2>\t\t\t\t<\/div>\n\t\t\t\t<\/div>\n\t\t\t\t<div class=\"elementor-element elementor-element-f95b1d3 elementor-invisible elementor-widget elementor-widget-text-editor\" data-id=\"f95b1d3\" data-element_type=\"widget\" data-settings=\"{&quot;_animation&quot;:&quot;fadeIn&quot;,&quot;_animation_mobile&quot;:&quot;fadeIn&quot;,&quot;_animation_delay&quot;:600}\" data-widget_type=\"text-editor.default\">\n\t\t\t\t<div class=\"elementor-widget-container\">\n\t\t\t\t\t\t\t\t\t<div class=\"flex-shrink-0 flex flex-col relative items-end\"><div class=\"pt-0\"><div class=\"gizmo-bot-avatar flex h-8 w-8 items-center justify-center overflow-hidden rounded-full\"><p>La creaci\u00f3n de espacios es un proceso que va m\u00e1s all\u00e1 de la simple plantaci\u00f3n de \u00e1rboles. Implica un dise\u00f1o consciente y meticuloso para convertir \u00e1reas poco aprovechadas o degradadas en lugares ricos en biodiversidad y en armon\u00eda con el entorno. Esto incluye un trabajo de reversi\u00f3n del espacio actual para darle un nuevo uso y valor ecol\u00f3gico. A veces, esto puede requerir la tala de ejemplares de \u00e1rboles en mal estado o deteriorados para hacer espacio a un nuevo planteamiento m\u00e1s coherente y sostenible.<\/p><p>Una de nuestras prioridades es aprovechar al m\u00e1ximo los recursos naturales. Por ejemplo, la madera proveniente de los \u00e1rboles talados puede ser utilizada para construir hoteles de insectos, parques de psicomotricidad u otras estructuras que promuevan la biodiversidad y la educaci\u00f3n ambiental. Las ramas se transforman en compost vegetal, alimentando nuevas plantaciones y cerrando as\u00ed el ciclo de vida del \u00e1rbol.\u00a0<\/p><p>Adem\u00e1s de la intervenci\u00f3n en el espacio, desarrollamos una planificaci\u00f3n participativa que permite a la comunidad involucrarse en la toma de decisiones. Esto asegura que el dise\u00f1o final refleje las necesidades locales, promoviendo as\u00ed espacios inclusivos, educativos y accesibles para todos. Desde un parque infantil dise\u00f1ado para fomentar la motricidad de los m\u00e1s peque\u00f1os hasta zonas de descanso con sombra y biodiversidad para adultos, cada proyecto es \u00fanico y a medida.<\/p><\/div><\/div><\/div>\t\t\t\t\t\t\t\t<\/div>\n\t\t\t\t<\/div>\n\t\t\t\t<\/div>\n\t\t<div class=\"elementor-element elementor-element-cc60055 e-con-full e-flex elementor-invisible e-con e-child\" data-id=\"cc60055\" data-element_type=\"container\" data-settings=\"{&quot;animation&quot;:&quot;fadeInRight&quot;,&quot;animation_mobile&quot;:&quot;fadeIn&quot;,&quot;animation_delay&quot;:600,&quot;background_background&quot;:&quot;classic&quot;,&quot;animation_tablet&quot;:&quot;zoomIn&quot;}\">\n\t\t\t\t<\/div>\n\t\t\t\t<\/div>\n\t\t<div class=\"elementor-element elementor-element-da62608 animated-slow e-con-full e-flex e-con e-parent\" data-id=\"da62608\" data-element_type=\"container\" data-settings=\"{&quot;background_motion_fx_motion_fx_scrolling&quot;:&quot;yes&quot;,&quot;background_motion_fx_translateY_effect&quot;:&quot;yes&quot;,&quot;animation&quot;:&quot;none&quot;,&quot;background_background&quot;:&quot;classic&quot;,&quot;background_motion_fx_translateY_speed&quot;:{&quot;unit&quot;:&quot;px&quot;,&quot;size&quot;:4,&quot;sizes&quot;:[]},&quot;background_motion_fx_translateY_affectedRange&quot;:{&quot;unit&quot;:&quot;%&quot;,&quot;size&quot;:&quot;&quot;,&quot;sizes&quot;:{&quot;start&quot;:0,&quot;end&quot;:100}},&quot;background_motion_fx_devices&quot;:[&quot;widescreen&quot;,&quot;desktop&quot;,&quot;tablet&quot;,&quot;mobile&quot;]}\">\n\t\t<div class=\"elementor-element elementor-element-235f235 e-con-full e-flex elementor-invisible e-con e-child\" data-id=\"235f235\" data-element_type=\"container\" data-settings=\"{&quot;animation&quot;:&quot;fadeInLeft&quot;,&quot;animation_mobile&quot;:&quot;fadeIn&quot;,&quot;animation_delay&quot;:600,&quot;background_background&quot;:&quot;classic&quot;,&quot;animation_tablet&quot;:&quot;zoomIn&quot;}\">\n\t\t\t\t<\/div>\n\t\t<div class=\"elementor-element elementor-element-fc63a40 e-con-full e-flex elementor-invisible e-con e-child\" data-id=\"fc63a40\" data-element_type=\"container\" data-settings=\"{&quot;animation&quot;:&quot;fadeInRight&quot;,&quot;animation_tablet&quot;:&quot;fadeIn&quot;}\">\n\t\t\t\t<div class=\"elementor-element elementor-element-7eb3d74 elementor-widget__width-inherit elementor-widget-tablet__width-initial elementor-invisible elementor-widget elementor-widget-heading\" data-id=\"7eb3d74\" data-element_type=\"widget\" data-settings=\"{&quot;_animation&quot;:&quot;fadeInUp&quot;}\" data-widget_type=\"heading.default\">\n\t\t\t\t<div class=\"elementor-widget-container\">\n\t\t\t\t\t<h2 class=\"elementor-heading-title elementor-size-default\">\u00bfPor qu\u00e9 elegirnos para la creaci\u00f3n de espacios?<\/h2>\t\t\t\t<\/div>\n\t\t\t\t<\/div>\n\t\t\t\t<div class=\"elementor-element elementor-element-55fbe3a elementor-invisible elementor-widget elementor-widget-text-editor\" data-id=\"55fbe3a\" data-element_type=\"widget\" data-settings=\"{&quot;_animation&quot;:&quot;fadeIn&quot;,&quot;_animation_mobile&quot;:&quot;fadeIn&quot;,&quot;_animation_delay&quot;:600}\" data-widget_type=\"text-editor.default\">\n\t\t\t\t<div class=\"elementor-widget-container\">\n\t\t\t\t\t\t\t\t\t<p>Nos dedicamos a crear espacios que no solo cumplen con los requisitos est\u00e9ticos y funcionales, sino que tambi\u00e9n fomentan la salud de los \u00e1rboles, la sostenibilidad del medio ambiente y la convivencia social. Nuestro equipo de expertos en arboricultura y paisajismo se encarga de cada paso del proceso, desde el dise\u00f1o hasta la implementaci\u00f3n, asegur\u00e1ndonos de que cada espacio creado sea un entorno verde y vivo que aporte valor a largo plazo.<\/p><p>Con una mirada hacia el futuro, plantamos cada \u00e1rbol  con conciencia, asegur\u00e1ndonos de que se integre de manera armoniosa en su entorno y que tenga las condiciones \u00f3ptimas para crecer sano y fuerte. Nuestros proyectos buscan no solo mejorar el espacio f\u00edsico, sino tambi\u00e9n contribuir a la formaci\u00f3n de una comunidad m\u00e1s conectada con la naturaleza y el medio ambiente.<\/p>\t\t\t\t\t\t\t\t<\/div>\n\t\t\t\t<\/div>\n\t\t\t\t<\/div>\n\t\t\t\t<\/div>\n\t\t<div class=\"elementor-element elementor-element-cfa35b6 animated-slow e-con-full e-flex e-con e-parent\" data-id=\"cfa35b6\" data-element_type=\"container\" data-settings=\"{&quot;background_motion_fx_motion_fx_scrolling&quot;:&quot;yes&quot;,&quot;background_motion_fx_translateY_effect&quot;:&quot;yes&quot;,&quot;animation&quot;:&quot;none&quot;,&quot;background_background&quot;:&quot;classic&quot;,&quot;animation_mobile&quot;:&quot;none&quot;,&quot;background_motion_fx_translateY_speed&quot;:{&quot;unit&quot;:&quot;px&quot;,&quot;size&quot;:4,&quot;sizes&quot;:[]},&quot;background_motion_fx_translateY_affectedRange&quot;:{&quot;unit&quot;:&quot;%&quot;,&quot;size&quot;:&quot;&quot;,&quot;sizes&quot;:{&quot;start&quot;:0,&quot;end&quot;:100}},&quot;background_motion_fx_devices&quot;:[&quot;widescreen&quot;,&quot;desktop&quot;,&quot;tablet&quot;,&quot;mobile&quot;]}\">\n\t\t\t\t<div class=\"elementor-element elementor-element-548dfd6 elementor-widget__width-inherit elementor-invisible elementor-widget elementor-widget-heading\" data-id=\"548dfd6\" data-element_type=\"widget\" data-settings=\"{&quot;_animation&quot;:&quot;fadeInUp&quot;}\" data-widget_type=\"heading.default\">\n\t\t\t\t<div class=\"elementor-widget-container\">\n\t\t\t\t\t<h4 class=\"elementor-heading-title elementor-size-default\">\u00bfDeseas m\u00e1s informaci\u00f3n sobre nuestro servicio de creaci\u00f3n de espacios? <\/h4>\t\t\t\t<\/div>\n\t\t\t\t<\/div>\n\t\t\t\t<\/div>\n\t\t<div class=\"elementor-element elementor-element-ffd5f42 animated-slow e-con-full e-flex e-con e-parent\" data-id=\"ffd5f42\" data-element_type=\"container\" data-settings=\"{&quot;background_motion_fx_motion_fx_scrolling&quot;:&quot;yes&quot;,&quot;background_motion_fx_translateY_effect&quot;:&quot;yes&quot;,&quot;animation&quot;:&quot;none&quot;,&quot;background_background&quot;:&quot;classic&quot;,&quot;animation_mobile&quot;:&quot;none&quot;,&quot;background_motion_fx_translateY_speed&quot;:{&quot;unit&quot;:&quot;px&quot;,&quot;size&quot;:4,&quot;sizes&quot;:[]},&quot;background_motion_fx_translateY_affectedRange&quot;:{&quot;unit&quot;:&quot;%&quot;,&quot;size&quot;:&quot;&quot;,&quot;sizes&quot;:{&quot;start&quot;:0,&quot;end&quot;:100}},&quot;background_motion_fx_devices&quot;:[&quot;widescreen&quot;,&quot;desktop&quot;,&quot;tablet&quot;,&quot;mobile&quot;]}\">\n\t\t<div class=\"elementor-element elementor-element-12c3289 e-con-full e-flex elementor-invisible e-con e-child\" data-id=\"12c3289\" data-element_type=\"container\" data-settings=\"{&quot;animation&quot;:&quot;fadeInLeft&quot;,&quot;animation_mobile&quot;:&quot;fadeInUp&quot;,&quot;animation_delay&quot;:600,&quot;animation_tablet&quot;:&quot;zoomIn&quot;}\">\n\t\t\t\t<div class=\"elementor-element elementor-element-f889562 elementor-widget elementor-widget-text-editor\" data-id=\"f889562\" data-element_type=\"widget\" data-widget_type=\"text-editor.default\">\n\t\t\t\t<div class=\"elementor-widget-container\">\n\t\t\t\t\t\t\t\t\t<p>Si est\u00e1s interesado en transformar un espacio degradado o crear una nueva \u00e1rea verde y sostenible, no dudes en ponerte en contacto con nosotros. Estaremos encantados de escuchar tus ideas y ayudarte a hacer realidad tu visi\u00f3n, asegur\u00e1ndonos de que el espacio creado sea un oasis de biodiversidad, bienestar y futuro.<\/p>\t\t\t\t\t\t\t\t<\/div>\n\t\t\t\t<\/div>\n\t\t\t\t<div class=\"elementor-element elementor-element-4dad994 elementor-align-left elementor-icon-list--layout-traditional elementor-list-item-link-full_width elementor-widget elementor-widget-icon-list\" data-id=\"4dad994\" data-element_type=\"widget\" data-widget_type=\"icon-list.default\">\n\t\t\t\t<div class=\"elementor-widget-container\">\n\t\t\t\t\t\t\t<ul class=\"elementor-icon-list-items\">\n\t\t\t\t\t\t\t<li class=\"elementor-icon-list-item\">\n\t\t\t\t\t\t\t\t\t\t\t<a href=\"https:\/\/www.instagram.com\/pauchamama.arb\/\" target=\"_blank\" rel=\"noopener\">\n\n\t\t\t\t\t\t\t\t\t\t\t\t<span class=\"elementor-icon-list-icon\">\n\t\t\t\t\t\t\t<i aria-hidden=\"true\" class=\"fab fa-instagram\"><\/i>\t\t\t\t\t\t<\/span>\n\t\t\t\t\t\t\t\t\t\t<span class=\"elementor-icon-list-text\">@pauchamama.arb<\/span>\n\t\t\t\t\t\t\t\t\t\t\t<\/a>\n\t\t\t\t\t\t\t\t\t<\/li>\n\t\t\t\t\t\t\t\t<li class=\"elementor-icon-list-item\">\n\t\t\t\t\t\t\t\t\t\t\t<a href=\"tel:608852422\">\n\n\t\t\t\t\t\t\t\t\t\t\t\t<span class=\"elementor-icon-list-icon\">\n\t\t\t\t\t\t\t<i aria-hidden=\"true\" class=\"fas fa-phone-alt\"><\/i>\t\t\t\t\t\t<\/span>\n\t\t\t\t\t\t\t\t\t\t<span class=\"elementor-icon-list-text\">608 85 24 22<\/span>\n\t\t\t\t\t\t\t\t\t\t\t<\/a>\n\t\t\t\t\t\t\t\t\t<\/li>\n\t\t\t\t\t\t\t\t<li class=\"elementor-icon-list-item\">\n\t\t\t\t\t\t\t\t\t\t\t<a href=\"mailto:pauchamama.arb@gmail.com\">\n\n\t\t\t\t\t\t\t\t\t\t\t\t<span class=\"elementor-icon-list-icon\">\n\t\t\t\t\t\t\t<i aria-hidden=\"true\" class=\"fas fa-envelope\"><\/i>\t\t\t\t\t\t<\/span>\n\t\t\t\t\t\t\t\t\t\t<span class=\"elementor-icon-list-text\">pauchamama.arb@gmail.com<\/span>\n\t\t\t\t\t\t\t\t\t\t\t<\/a>\n\t\t\t\t\t\t\t\t\t<\/li>\n\t\t\t\t\t\t<\/ul>\n\t\t\t\t\t\t<\/div>\n\t\t\t\t<\/div>\n\t\t\t\t<\/div>\n\t\t<div class=\"elementor-element elementor-element-169f314 e-con-full e-flex elementor-invisible e-con e-child\" data-id=\"169f314\" data-element_type=\"container\" data-settings=\"{&quot;animation&quot;:&quot;fadeInRight&quot;,&quot;animation_delay&quot;:600,&quot;animation_tablet&quot;:&quot;fadeInUp&quot;}\">\n\t\t\t\t<div class=\"elementor-element elementor-element-03ba595 elementor-button-align-end elementor-widget elementor-widget-form\" data-id=\"03ba595\" data-element_type=\"widget\" data-settings=\"{&quot;step_next_label&quot;:&quot;Next&quot;,&quot;step_previous_label&quot;:&quot;Previous&quot;,&quot;_animation_mobile&quot;:&quot;fadeIn&quot;,&quot;button_width&quot;:&quot;100&quot;,&quot;step_type&quot;:&quot;number_text&quot;,&quot;step_icon_shape&quot;:&quot;circle&quot;}\" data-widget_type=\"form.default\">\n\t\t\t\t<div class=\"elementor-widget-container\">\n\t\t\t\t\t\t\t<form class=\"elementor-form\" method=\"post\" name=\"Formulari Espais\" aria-label=\"Formulari Espais\" action=\"\">\n\t\t\t<input type=\"hidden\" name=\"post_id\" value=\"487\"\/>\n\t\t\t<input type=\"hidden\" name=\"form_id\" value=\"03ba595\"\/>\n\t\t\t<input type=\"hidden\" name=\"referer_title\" value=\"Creaci\u00f3 d&#039;espais verds sostenibles | Pauchamama\" \/>\n\n\t\t\t\t\t\t\t<input type=\"hidden\" name=\"queried_id\" value=\"487\"\/>\n\t\t\t\n\t\t\t<div class=\"elementor-form-fields-wrapper elementor-labels-\">\n\t\t\t\t\t\t\t\t<div class=\"elementor-field-type-text elementor-field-group elementor-column elementor-field-group-name elementor-col-50 elementor-field-required\">\n\t\t\t\t\t\t\t\t\t\t\t\t<label for=\"form-field-name\" class=\"elementor-field-label elementor-screen-only\">\n\t\t\t\t\t\t\t\tNombre\t\t\t\t\t\t\t<\/label>\n\t\t\t\t\t\t\t\t\t\t\t\t\t\t<input size=\"1\" type=\"text\" name=\"form_fields[name]\" id=\"form-field-name\" class=\"elementor-field elementor-size-sm  elementor-field-textual\" placeholder=\"Nombre\" required=\"required\">\n\t\t\t\t\t\t\t\t\t\t\t<\/div>\n\t\t\t\t\t\t\t\t<div class=\"elementor-field-type-text\">\n\t\t\t\t\t<input size=\"1\" type=\"text\" name=\"form_fields[field_792dc7c]\" id=\"form-field-field_792dc7c\" class=\"elementor-field elementor-size-sm\" style=\"display:none !important;\">\t\t\t\t<\/div>\n\t\t\t\t\t\t\t\t<div class=\"elementor-field-type-text elementor-field-group elementor-column elementor-field-group-field_e2c2108 elementor-col-50 elementor-field-required\">\n\t\t\t\t\t\t\t\t\t\t\t\t<label for=\"form-field-field_e2c2108\" class=\"elementor-field-label elementor-screen-only\">\n\t\t\t\t\t\t\t\tLocalizaci\u00f3n\t\t\t\t\t\t\t<\/label>\n\t\t\t\t\t\t\t\t\t\t\t\t\t\t<input size=\"1\" type=\"text\" name=\"form_fields[field_e2c2108]\" id=\"form-field-field_e2c2108\" class=\"elementor-field elementor-size-sm  elementor-field-textual\" placeholder=\"Localizaci\u00f3n\" required=\"required\">\n\t\t\t\t\t\t\t\t\t\t\t<\/div>\n\t\t\t\t\t\t\t\t<div class=\"elementor-field-type-text\">\n\t\t\t\t\t<input size=\"1\" type=\"text\" name=\"form_fields[field_5ec9567]\" id=\"form-field-field_5ec9567\" class=\"elementor-field elementor-size-sm\" style=\"display:none !important;\">\t\t\t\t<\/div>\n\t\t\t\t\t\t\t\t<div class=\"elementor-field-type-email elementor-field-group elementor-column elementor-field-group-email elementor-col-100 elementor-field-required\">\n\t\t\t\t\t\t\t\t\t\t\t\t<label for=\"form-field-email\" class=\"elementor-field-label elementor-screen-only\">\n\t\t\t\t\t\t\t\tCorreo electr\u00f3nico\t\t\t\t\t\t\t<\/label>\n\t\t\t\t\t\t\t\t\t\t\t\t\t\t<input size=\"1\" type=\"email\" name=\"form_fields[email]\" id=\"form-field-email\" class=\"elementor-field elementor-size-sm  elementor-field-textual\" placeholder=\"Correo electr\u00f3nico\" required=\"required\">\n\t\t\t\t\t\t\t\t\t\t\t<\/div>\n\t\t\t\t\t\t\t\t<div class=\"elementor-field-type-text\">\n\t\t\t\t\t<input size=\"1\" type=\"text\" name=\"form_fields[field_95ed996]\" id=\"form-field-field_95ed996\" class=\"elementor-field elementor-size-sm\" style=\"display:none !important;\">\t\t\t\t<\/div>\n\t\t\t\t\t\t\t\t<div class=\"elementor-field-type-textarea elementor-field-group elementor-column elementor-field-group-message elementor-col-100\">\n\t\t\t\t\t\t\t\t\t\t\t\t<label for=\"form-field-message\" class=\"elementor-field-label elementor-screen-only\">\n\t\t\t\t\t\t\t\tMensaje \t\t\t\t\t\t\t<\/label>\n\t\t\t\t\t\t<textarea class=\"elementor-field-textual elementor-field  elementor-size-sm\" name=\"form_fields[message]\" id=\"form-field-message\" rows=\"4\" placeholder=\"Mensaje \"><\/textarea>\t\t\t\t<\/div>\n\t\t\t\t\t\t\t\t<div class=\"elementor-field-type-acceptance elementor-field-group elementor-column elementor-field-group-field_c04c8d3 elementor-col-100 elementor-field-required\">\n\t\t\t\t\t\t\t\t\t\t\t\t<label for=\"form-field-field_c04c8d3\" class=\"elementor-field-label elementor-screen-only\">\n\t\t\t\t\t\t\t\tAcceptaci\u00f3\t\t\t\t\t\t\t<\/label>\n\t\t\t\t\t\t\t\t<div class=\"elementor-field-subgroup\">\n\t\t\t<span class=\"elementor-field-option\">\n\t\t\t\t<input type=\"checkbox\" name=\"form_fields[field_c04c8d3]\" id=\"form-field-field_c04c8d3\" class=\"elementor-field elementor-size-sm  elementor-acceptance-field\" required=\"required\">\n\t\t\t\t<label for=\"form-field-field_c04c8d3\"><span style=\"font-size:12px; color: white;\">Acepto que mis datos sean tratados tal y como se indica en la pol\u00edtica de privacidad.<\/span><\/label>\t\t\t<\/span>\n\t\t<\/div>\n\t\t\t\t\t\t<\/div>\n\t\t\t\t\t\t\t\t<div class=\"elementor-field-type-recaptcha_v3 elementor-field-group elementor-column elementor-field-group-field_0ccf725 elementor-col-100 recaptcha_v3-inline\">\n\t\t\t\t\t<div class=\"elementor-field\" id=\"form-field-field_0ccf725\"><div class=\"elementor-g-recaptcha\" data-sitekey=\"6LdpLSQrAAAAAH9PLMyZEUOn75h-w__AoIui0x7v\" data-type=\"v3\" data-action=\"Form\" data-badge=\"inline\" data-size=\"invisible\"><\/div><\/div>\t\t\t\t<\/div>\n\t\t\t\t\t\t\t\t<div class=\"elementor-field-group elementor-column elementor-field-type-submit elementor-col-100 e-form__buttons\">\n\t\t\t\t\t<button class=\"elementor-button elementor-size-sm elementor-animation-grow\" type=\"submit\">\n\t\t\t\t\t\t<span class=\"elementor-button-content-wrapper\">\n\t\t\t\t\t\t\t\t\t\t\t\t\t\t\t\t\t\t\t\t\t\t<span class=\"elementor-button-text\">Enviar<\/span>\n\t\t\t\t\t\t\t\t\t\t\t\t\t<\/span>\n\t\t\t\t\t<\/button>\n\t\t\t\t<\/div>\n\t\t\t<\/div>\n\t\t<input type=\"hidden\" name=\"trp-form-language\" value=\"es\"\/><\/form>\n\t\t\t\t\t\t<\/div>\n\t\t\t\t<\/div>\n\t\t\t\t<\/div>\n\t\t\t\t<\/div>\n\t\t\t\t<\/div>","protected":false},"excerpt":{"rendered":"<p>CREACI\u00d3 D&#8217;ESPAIS Qu\u00e8 \u00e9s la creaci\u00f3 d&#8217;espais? La creaci\u00f3 d&#8217;espais \u00e9s una eina pedag\u00f2gica que comporta la transformaci\u00f3 d&#8217;un espai existent a un altre que sigui m\u00e9s saludable, vivencial, participatiu i amb una explicaci\u00f3 pedag\u00f2gica i de biodiversitat que enriqueixi el present i tamb\u00e9 tenint una mirada cap al futur. Aix\u00f2 es tradueix a crear [&hellip;]<\/p>","protected":false},"author":1,"featured_media":864,"parent":0,"menu_order":0,"comment_status":"closed","ping_status":"closed","template":"","meta":{"footnotes":""},"class_list":["post-487","page","type-page","status-publish","has-post-thumbnail","hentry"],"_links":{"self":[{"href":"https:\/\/www.pauchamama.org\/es\/wp-json\/wp\/v2\/pages\/487","targetHints":{"allow":["GET"]}}],"collection":[{"href":"https:\/\/www.pauchamama.org\/es\/wp-json\/wp\/v2\/pages"}],"about":[{"href":"https:\/\/www.pauchamama.org\/es\/wp-json\/wp\/v2\/types\/page"}],"author":[{"embeddable":true,"href":"https:\/\/www.pauchamama.org\/es\/wp-json\/wp\/v2\/users\/1"}],"replies":[{"embeddable":true,"href":"https:\/\/www.pauchamama.org\/es\/wp-json\/wp\/v2\/comments?post=487"}],"version-history":[{"count":65,"href":"https:\/\/www.pauchamama.org\/es\/wp-json\/wp\/v2\/pages\/487\/revisions"}],"predecessor-version":[{"id":1628,"href":"https:\/\/www.pauchamama.org\/es\/wp-json\/wp\/v2\/pages\/487\/revisions\/1628"}],"wp:featuredmedia":[{"embeddable":true,"href":"https:\/\/www.pauchamama.org\/es\/wp-json\/wp\/v2\/media\/864"}],"wp:attachment":[{"href":"https:\/\/www.pauchamama.org\/es\/wp-json\/wp\/v2\/media?parent=487"}],"curies":[{"name":"wp","href":"https:\/\/api.w.org\/{rel}","templated":true}]}}